{"id":990434,"date":"2020-08-11T12:29:37","date_gmt":"2020-08-11T10:29:37","guid":{"rendered":"http:\/\/tenutepolini.com\/prodotto\/offida-docg-passerina-doris-2023\/"},"modified":"2025-05-22T12:26:29","modified_gmt":"2025-05-22T10:26:29","slug":"offida-docg-passerina-doris-2023","status":"publish","type":"product","link":"https:\/\/tenutepolini.com\/de\/prodotto\/offida-docg-passerina-doris-2023\/","title":{"rendered":"Offida DOCG Passerina &#8211; Doris 2023"},"content":{"rendered":"\t\t<div data-elementor-type=\"product-post\" data-elementor-id=\"990434\" class=\"elementor elementor-990434 elementor-6525\" data-elementor-post-type=\"product\">\n\t\t\t\t\t\t<section class=\"elementor-section elementor-top-section elementor-element elementor-element-457de6d elementor-section-boxed elementor-section-height-default elementor-section-height-default\" data-id=\"457de6d\" data-element_type=\"section\">\n\t\t\t\t\t\t<div class=\"elementor-container elementor-column-gap-default\">\n\t\t\t\t\t<div class=\"elementor-column elementor-col-100 elementor-top-column elementor-element elementor-element-b3d7649\" data-id=\"b3d7649\" data-element_type=\"column\">\n\t\t\t<div class=\"elementor-widget-wrap elementor-element-populated\">\n\t\t\t\t\t\t<div class=\"elementor-element elementor-element-fb527a1 elementor-widget elementor-widget-heading\" data-id=\"fb527a1\" data-element_type=\"widget\" data-widget_type=\"heading.default\">\n\t\t\t\t<div class=\"elementor-widget-container\">\n\t\t\t\t\t<h5 class=\"elementor-heading-title elementor-size-default\">Technische Eigenschaften<\/h5>\t\t\t\t<\/div>\n\t\t\t\t<\/div>\n\t\t\t\t<div class=\"elementor-element elementor-element-0908688 elementor-widget elementor-widget-text-editor\" data-id=\"0908688\" data-element_type=\"widget\" data-widget_type=\"text-editor.default\">\n\t\t\t\t<div class=\"elementor-widget-container\">\n\t\t\t\t\t\t\t\t\t<p><strong>Rebsorte<\/strong>: Passerina 100%<br><strong>Alkoholgehalt<\/strong>: 12,5 %<br><strong>Veredelung<\/strong>: Stahl<br><strong>Verkostungstipp<\/strong>: Um die Frische zu genie\u00dfen, servieren Sie ihn bei 8\u201310 \u00b0C.<br><strong>Gute Kombinationen<\/strong>: Hervorragend zu Fischgerichten, gegrilltem Gem\u00fcse oder delikaten ersten G\u00e4ngen.<\/p>\t\t\t\t\t\t\t\t<\/div>\n\t\t\t\t<\/div>\n\t\t\t\t<section class=\"elementor-section elementor-inner-section elementor-element elementor-element-8d68270 elementor-section-boxed elementor-section-height-default elementor-section-height-default\" data-id=\"8d68270\" data-element_type=\"section\">\n\t\t\t\t\t\t<div class=\"elementor-container elementor-column-gap-default\">\n\t\t\t\t\t<div class=\"elementor-column elementor-col-100 elementor-inner-column elementor-element elementor-element-10c87c8\" data-id=\"10c87c8\" data-element_type=\"column\">\n\t\t\t<div class=\"elementor-widget-wrap elementor-element-populated\">\n\t\t\t\t\t\t<div class=\"elementor-element elementor-element-c65c2cb elementor-widget__width-initial elementor-widget-mobile__width-initial elementor-fixed elementor-hidden-tablet elementor-hidden-phone elementor-widget elementor-widget-image\" data-id=\"c65c2cb\" data-element_type=\"widget\" data-settings=\"{&quot;_position&quot;:&quot;fixed&quot;}\" data-widget_type=\"image.default\">\n\t\t\t\t<div class=\"elementor-widget-container\">\n\t\t\t\t\t\t\t\t\t<div class=\"elementor-image\">\n\t\t\t\t\t\t\t\t\t\t\t\t\t\t\t\t\t\t\t\t\t<img fetchpriority=\"high\" decoding=\"async\" width=\"308\" height=\"444\" src=\"https:\/\/tenutepolini.com\/wp-content\/uploads\/2020\/08\/grapes-transparent-2-v3.png\" class=\"attachment-large size-large wp-image-990290\" alt=\"\" srcset=\"https:\/\/tenutepolini.com\/wp-content\/uploads\/2020\/08\/grapes-transparent-2-v3.png 308w, https:\/\/tenutepolini.com\/wp-content\/uploads\/2020\/08\/grapes-transparent-2-v3-208x300.png 208w\" sizes=\"(max-width: 308px) 100vw, 308px\" \/>\t\t\t\t\t\t\t\t\t\t\t\t\t\t\t\t\t\t\t\t\t\t\t\t<\/div>\n\t\t\t\t\t\t\t\t<\/div>\n\t\t\t\t<\/div>\n\t\t\t\t\t<\/div>\n\t\t<\/div>\n\t\t\t\t\t<\/div>\n\t\t<\/section>\n\t\t\t\t\t<\/div>\n\t\t<\/div>\n\t\t\t\t\t<\/div>\n\t\t<\/section>\n\t\t\t\t<\/div>\n\t\t","protected":false},"excerpt":{"rendered":"<p>Doris ist ein eleganter Wei\u00dfwein, der die ganze Frische und Lebhaftigkeit der Passerina-Traube zum Ausdruck bringt. Mit Noten von Zitrusfr\u00fcchten, gr\u00fcnem Apfel und einem Hauch wei\u00dfer Bl\u00fcten ist dieser Offida DOCG ideal f\u00fcr alle, die einen frischen und dennoch raffinierten Wein suchen. Die Balance zwischen S\u00e4ure und Weichheit macht ihn \u00e4u\u00dferst vielseitig.  <\/p>\n","protected":false},"featured_media":990258,"template":"","meta":[],"product_brand":[],"product_cat":[131],"product_tag":[134,132],"class_list":{"0":"post-990434","1":"product","2":"type-product","3":"status-publish","4":"has-post-thumbnail","6":"product_cat-offida-docg-de","7":"product_tag-passerina-docg-de","8":"product_tag-weis","10":"first","11":"instock","12":"taxable","13":"shipping-taxable","14":"purchasable","15":"product-type-simple"},"_links":{"self":[{"href":"https:\/\/tenutepolini.com\/de\/wp-json\/wp\/v2\/product\/990434","targetHints":{"allow":["GET"]}}],"collection":[{"href":"https:\/\/tenutepolini.com\/de\/wp-json\/wp\/v2\/product"}],"about":[{"href":"https:\/\/tenutepolini.com\/de\/wp-json\/wp\/v2\/types\/product"}],"version-history":[{"count":1,"href":"https:\/\/tenutepolini.com\/de\/wp-json\/wp\/v2\/product\/990434\/revisions"}],"predecessor-version":[{"id":990435,"href":"https:\/\/tenutepolini.com\/de\/wp-json\/wp\/v2\/product\/990434\/revisions\/990435"}],"wp:featuredmedia":[{"embeddable":true,"href":"https:\/\/tenutepolini.com\/de\/wp-json\/wp\/v2\/media\/990258"}],"wp:attachment":[{"href":"https:\/\/tenutepolini.com\/de\/wp-json\/wp\/v2\/media?parent=990434"}],"wp:term":[{"taxonomy":"product_brand","embeddable":true,"href":"https:\/\/tenutepolini.com\/de\/wp-json\/wp\/v2\/product_brand?post=990434"},{"taxonomy":"product_cat","embeddable":true,"href":"https:\/\/tenutepolini.com\/de\/wp-json\/wp\/v2\/product_cat?post=990434"},{"taxonomy":"product_tag","embeddable":true,"href":"https:\/\/tenutepolini.com\/de\/wp-json\/wp\/v2\/product_tag?post=990434"}],"curies":[{"name":"wp","href":"https:\/\/api.w.org\/{rel}","templated":true}]}}