{"id":990432,"date":"2020-08-11T12:28:15","date_gmt":"2020-08-11T10:28:15","guid":{"rendered":"http:\/\/tenutepolini.com\/prodotto\/offida-docg-pecorino-sabbione-2023\/"},"modified":"2025-05-22T12:22:03","modified_gmt":"2025-05-22T10:22:03","slug":"offida-docg-pecorino-sabbione-2023","status":"publish","type":"product","link":"https:\/\/tenutepolini.com\/de\/prodotto\/offida-docg-pecorino-sabbione-2023\/","title":{"rendered":"Offida DOCG Pecorino &#8211; Sabbione 2023"},"content":{"rendered":"\t\t<div data-elementor-type=\"product-post\" data-elementor-id=\"990432\" class=\"elementor elementor-990432 elementor-6523\" data-elementor-post-type=\"product\">\n\t\t\t\t\t\t<section class=\"elementor-section elementor-top-section elementor-element elementor-element-3f7b639 elementor-section-boxed elementor-section-height-default elementor-section-height-default\" data-id=\"3f7b639\" data-element_type=\"section\">\n\t\t\t\t\t\t<div class=\"elementor-container elementor-column-gap-default\">\n\t\t\t\t\t<div class=\"elementor-column elementor-col-100 elementor-top-column elementor-element elementor-element-8ae365b\" data-id=\"8ae365b\" data-element_type=\"column\">\n\t\t\t<div class=\"elementor-widget-wrap elementor-element-populated\">\n\t\t\t\t\t\t<div class=\"elementor-element elementor-element-c3b7d2e elementor-widget elementor-widget-heading\" data-id=\"c3b7d2e\" data-element_type=\"widget\" data-widget_type=\"heading.default\">\n\t\t\t\t<div class=\"elementor-widget-container\">\n\t\t\t\t\t<h5 class=\"elementor-heading-title elementor-size-default\">Technische Eigenschaften<\/h5>\t\t\t\t<\/div>\n\t\t\t\t<\/div>\n\t\t\t\t<div class=\"elementor-element elementor-element-07d6d49 elementor-widget elementor-widget-text-editor\" data-id=\"07d6d49\" data-element_type=\"widget\" data-widget_type=\"text-editor.default\">\n\t\t\t\t<div class=\"elementor-widget-container\">\n\t\t\t\t\t\t\t\t\t<p><strong>Rebsorte<\/strong>: 100% Pecorino<br><strong>Alkoholgehalt<\/strong>: 13%<br><strong>Ausbau<\/strong>: Stahl und Barrique<br><strong>Verkostungstipp<\/strong>: Servieren Sie ihn bei 10\u201312 \u00b0C, um seine aromatischen Nuancen zu genie\u00dfen.<br><strong>Gute Kombinationen<\/strong>: Hervorragend zu gebackenen Fischgerichten, Gem\u00fcserisottos oder Frischk\u00e4se.<\/p>\t\t\t\t\t\t\t\t<\/div>\n\t\t\t\t<\/div>\n\t\t\t\t<section class=\"elementor-section elementor-inner-section elementor-element elementor-element-ffb3b9b elementor-section-boxed elementor-section-height-default elementor-section-height-default\" data-id=\"ffb3b9b\" data-element_type=\"section\">\n\t\t\t\t\t\t<div class=\"elementor-container elementor-column-gap-default\">\n\t\t\t\t\t<div class=\"elementor-column elementor-col-100 elementor-inner-column elementor-element elementor-element-1439b76\" data-id=\"1439b76\" data-element_type=\"column\">\n\t\t\t<div class=\"elementor-widget-wrap elementor-element-populated\">\n\t\t\t\t\t\t<div class=\"elementor-element elementor-element-67d0d91 elementor-widget__width-initial elementor-widget-mobile__width-initial elementor-fixed elementor-hidden-tablet elementor-hidden-phone elementor-widget elementor-widget-image\" data-id=\"67d0d91\" data-element_type=\"widget\" data-settings=\"{&quot;_position&quot;:&quot;fixed&quot;}\" data-widget_type=\"image.default\">\n\t\t\t\t<div class=\"elementor-widget-container\">\n\t\t\t\t\t\t\t\t\t<div class=\"elementor-image\">\n\t\t\t\t\t\t\t\t\t\t\t\t\t\t\t\t\t\t\t\t\t<img fetchpriority=\"high\" decoding=\"async\" width=\"308\" height=\"444\" src=\"https:\/\/tenutepolini.com\/wp-content\/uploads\/2020\/08\/grapes-transparent-2-v3.png\" class=\"attachment-large size-large wp-image-990290\" alt=\"\" srcset=\"https:\/\/tenutepolini.com\/wp-content\/uploads\/2020\/08\/grapes-transparent-2-v3.png 308w, https:\/\/tenutepolini.com\/wp-content\/uploads\/2020\/08\/grapes-transparent-2-v3-208x300.png 208w\" sizes=\"(max-width: 308px) 100vw, 308px\" \/>\t\t\t\t\t\t\t\t\t\t\t\t\t\t\t\t\t\t\t\t\t\t\t\t<\/div>\n\t\t\t\t\t\t\t\t<\/div>\n\t\t\t\t<\/div>\n\t\t\t\t\t<\/div>\n\t\t<\/div>\n\t\t\t\t\t<\/div>\n\t\t<\/section>\n\t\t\t\t\t<\/div>\n\t\t<\/div>\n\t\t\t\t\t<\/div>\n\t\t<\/section>\n\t\t\t\t<\/div>\n\t\t","protected":false},"excerpt":{"rendered":"<p>Sabbione zelebriert die alte Pecorino-Traube mit einer \u00fcberraschenden Struktur und einem komplexen aromatischen Profil. Dieser Offida DOCG Pecorino zeichnet sich durch seine Noten von tropischen Fr\u00fcchten, Zitrusfr\u00fcchten und wei\u00dfen Bl\u00fcten aus, die durch eine angenehme Mineralit\u00e4t ausgeglichen werden. Teilweise in Stahl und Barriques gereift, bietet Sabbione eine lebendige Frische und Tiefe, die ihn perfekt f\u00fcr Kenner machen.  <\/p>\n","protected":false},"featured_media":990260,"template":"","meta":[],"product_brand":[],"product_cat":[131],"product_tag":[133,132],"class_list":{"0":"post-990432","1":"product","2":"type-product","3":"status-publish","4":"has-post-thumbnail","6":"product_cat-offida-docg-de","7":"product_tag-pecorino-docg-de","8":"product_tag-weis","10":"first","11":"instock","12":"taxable","13":"shipping-taxable","14":"purchasable","15":"product-type-simple"},"_links":{"self":[{"href":"https:\/\/tenutepolini.com\/de\/wp-json\/wp\/v2\/product\/990432","targetHints":{"allow":["GET"]}}],"collection":[{"href":"https:\/\/tenutepolini.com\/de\/wp-json\/wp\/v2\/product"}],"about":[{"href":"https:\/\/tenutepolini.com\/de\/wp-json\/wp\/v2\/types\/product"}],"version-history":[{"count":1,"href":"https:\/\/tenutepolini.com\/de\/wp-json\/wp\/v2\/product\/990432\/revisions"}],"predecessor-version":[{"id":990433,"href":"https:\/\/tenutepolini.com\/de\/wp-json\/wp\/v2\/product\/990432\/revisions\/990433"}],"wp:featuredmedia":[{"embeddable":true,"href":"https:\/\/tenutepolini.com\/de\/wp-json\/wp\/v2\/media\/990260"}],"wp:attachment":[{"href":"https:\/\/tenutepolini.com\/de\/wp-json\/wp\/v2\/media?parent=990432"}],"wp:term":[{"taxonomy":"product_brand","embeddable":true,"href":"https:\/\/tenutepolini.com\/de\/wp-json\/wp\/v2\/product_brand?post=990432"},{"taxonomy":"product_cat","embeddable":true,"href":"https:\/\/tenutepolini.com\/de\/wp-json\/wp\/v2\/product_cat?post=990432"},{"taxonomy":"product_tag","embeddable":true,"href":"https:\/\/tenutepolini.com\/de\/wp-json\/wp\/v2\/product_tag?post=990432"}],"curies":[{"name":"wp","href":"https:\/\/api.w.org\/{rel}","templated":true}]}}