{"id":990835,"date":"2025-07-28T14:15:01","date_gmt":"2025-07-28T12:15:01","guid":{"rendered":"https:\/\/tenutepolini.com\/besuchen\/"},"modified":"2025-11-07T11:30:39","modified_gmt":"2025-11-07T10:30:39","slug":"besuchen","status":"publish","type":"page","link":"https:\/\/tenutepolini.com\/de\/besuchen\/","title":{"rendered":"Besuchen"},"content":{"rendered":"\t\t<div data-elementor-type=\"wp-page\" data-elementor-id=\"990835\" class=\"elementor elementor-990835 elementor-990756\" data-elementor-post-type=\"page\">\n\t\t\t\t\t\t<section class=\"elementor-section elementor-top-section elementor-element elementor-element-fe4e355 elementor-reverse-mobile elementor-section-boxed elementor-section-height-default elementor-section-height-default\" data-id=\"fe4e355\" data-element_type=\"section\" data-settings=\"{&quot;background_background&quot;:&quot;classic&quot;}\">\n\t\t\t\t\t\t<div class=\"elementor-container elementor-column-gap-default\">\n\t\t\t\t\t<div class=\"elementor-column elementor-col-100 elementor-top-column elementor-element elementor-element-4dbe465\" data-id=\"4dbe465\" data-element_type=\"column\">\n\t\t\t<div class=\"elementor-widget-wrap elementor-element-populated\">\n\t\t\t\t\t\t<div class=\"elementor-element elementor-element-5b84a8e elementor-widget elementor-widget-heading\" data-id=\"5b84a8e\" data-element_type=\"widget\" data-widget_type=\"heading.default\">\n\t\t\t\t<div class=\"elementor-widget-container\">\n\t\t\t\t\t<h2 class=\"elementor-heading-title elementor-size-default\">Besuchen Sie das Anwesen<\/h2>\t\t\t\t<\/div>\n\t\t\t\t<\/div>\n\t\t\t\t<div class=\"elementor-element elementor-element-95fe5f5 elementor-widget elementor-widget-text-editor\" data-id=\"95fe5f5\" data-element_type=\"widget\" data-widget_type=\"text-editor.default\">\n\t\t\t\t<div class=\"elementor-widget-container\">\n\t\t\t\t\t\t\t\t\t<p>Buchen Sie Ihren Besuch und lassen Sie sich von der Geschichte, den Aromen und den Geschmacksrichtungen von Tenute Polini verzaubern. Eine Reise, die im Weinberg beginnt und mit einem Glas Wein endet.<\/p>\t\t\t\t\t\t\t\t<\/div>\n\t\t\t\t<\/div>\n\t\t\t\t\t<\/div>\n\t\t<\/div>\n\t\t\t\t\t<\/div>\n\t\t<\/section>\n\t\t\t\t<section class=\"elementor-section elementor-top-section elementor-element elementor-element-e43af84 elementor-section-boxed elementor-section-height-default elementor-section-height-default\" data-id=\"e43af84\" data-element_type=\"section\" data-settings=\"{&quot;background_background&quot;:&quot;classic&quot;}\">\n\t\t\t\t\t\t<div class=\"elementor-container elementor-column-gap-default\">\n\t\t\t\t\t<div class=\"elementor-column elementor-col-50 elementor-top-column elementor-element elementor-element-0b08208 animated-slow elementor-invisible\" data-id=\"0b08208\" data-element_type=\"column\" data-settings=\"{&quot;animation&quot;:&quot;fadeIn&quot;,&quot;animation_tablet&quot;:&quot;none&quot;}\">\n\t\t\t<div class=\"elementor-widget-wrap elementor-element-populated\">\n\t\t\t\t\t\t<div class=\"elementor-element elementor-element-bfe912c elementor-widget elementor-widget-heading\" data-id=\"bfe912c\" data-element_type=\"widget\" data-widget_type=\"heading.default\">\n\t\t\t\t<div class=\"elementor-widget-container\">\n\t\t\t\t\t<h2 class=\"elementor-heading-title elementor-size-default\">Verkostungen<\/h2>\t\t\t\t<\/div>\n\t\t\t\t<\/div>\n\t\t\t\t<div class=\"elementor-element elementor-element-61a1ac3 elementor-widget elementor-widget-text-editor\" data-id=\"61a1ac3\" data-element_type=\"widget\" data-widget_type=\"text-editor.default\">\n\t\t\t\t<div class=\"elementor-widget-container\">\n\t\t\t\t\t\t\t\t\t<p>Von der Magie eines Abendessens in den Reihen bis zum Charme einer gef\u00fchrten Verkostung feiern unsere Veranstaltungen die Verbindung zwischen Region, Wein und Geselligkeit.<\/p>\t\t\t\t\t\t\t\t<\/div>\n\t\t\t\t<\/div>\n\t\t\t\t<div class=\"elementor-element elementor-element-7f264e0 elementor-align-left elementor-widget elementor-widget-button\" data-id=\"7f264e0\" data-element_type=\"widget\" data-widget_type=\"button.default\">\n\t\t\t\t<div class=\"elementor-widget-container\">\n\t\t\t\t\t\t\t\t\t<div class=\"elementor-button-wrapper\">\n\t\t\t\t\t<a class=\"elementor-button elementor-button-link elementor-size-sm\" href=\"https:\/\/tenutepolini.com\/de\/kontakte\/\">\n\t\t\t\t\t\t<span class=\"elementor-button-content-wrapper\">\n\t\t\t\t\t\t<span class=\"elementor-button-icon\">\n\t\t\t\t<i aria-hidden=\"true\" class=\"fas fa-arrow-right\"><\/i>\t\t\t<\/span>\n\t\t\t\t\t\t\t\t\t<span class=\"elementor-button-text\">Buchen Sie jetzt<\/span>\n\t\t\t\t\t<\/span>\n\t\t\t\t\t<\/a>\n\t\t\t\t<\/div>\n\t\t\t\t\t\t\t\t<\/div>\n\t\t\t\t<\/div>\n\t\t\t\t\t<\/div>\n\t\t<\/div>\n\t\t\t\t<div class=\"elementor-column elementor-col-50 elementor-top-column elementor-element elementor-element-66beeac\" data-id=\"66beeac\" data-element_type=\"column\" data-settings=\"{&quot;animation_tablet&quot;:&quot;none&quot;}\">\n\t\t\t<div class=\"elementor-widget-wrap elementor-element-populated\">\n\t\t\t\t\t\t<div class=\"elementor-element elementor-element-3d65967 elementor-invisible elementor-widget elementor-widget-image\" data-id=\"3d65967\" data-element_type=\"widget\" data-settings=\"{&quot;_animation&quot;:&quot;imageGrowWithScaleLeft&quot;,&quot;_animation_delay&quot;:200,&quot;_animation_tablet&quot;:&quot;none&quot;}\" data-widget_type=\"image.default\">\n\t\t\t\t<div class=\"elementor-widget-container\">\n\t\t\t\t\t\t\t\t\t<div class=\"elementor-image\">\n\t\t\t\t\t\t\t\t\t\t\t<div class=\"vamtam-image-wrapper\">\n\t\t\t\t\t\t\t\t\t\t\t\t\t\t\t\t\t\t\t\t\t<img fetchpriority=\"high\" decoding=\"async\" width=\"948\" height=\"711\" src=\"https:\/\/tenutepolini.com\/wp-content\/uploads\/2025\/07\/polini-degustazinoi.jpg\" class=\"attachment-large size-large wp-image-990770\" alt=\"\" srcset=\"https:\/\/tenutepolini.com\/wp-content\/uploads\/2025\/07\/polini-degustazinoi.jpg 948w, https:\/\/tenutepolini.com\/wp-content\/uploads\/2025\/07\/polini-degustazinoi-300x225.jpg 300w, https:\/\/tenutepolini.com\/wp-content\/uploads\/2025\/07\/polini-degustazinoi-768x576.jpg 768w, https:\/\/tenutepolini.com\/wp-content\/uploads\/2025\/07\/polini-degustazinoi-630x473.jpg 630w, https:\/\/tenutepolini.com\/wp-content\/uploads\/2025\/07\/polini-degustazinoi-315x236.jpg 315w\" sizes=\"(max-width: 948px) 100vw, 948px\" \/>\t\t\t\t\t\t\t\t\t\t\t\t\t\t\t\t\t\t\t\t\t\t\t\t\t\t<\/div>\n\t\t\t\t\t\t\t\t\t<\/div>\n\t\t\t\t\t\t\t\t<\/div>\n\t\t\t\t<\/div>\n\t\t\t\t\t<\/div>\n\t\t<\/div>\n\t\t\t\t\t<\/div>\n\t\t<\/section>\n\t\t\t\t<section class=\"elementor-section elementor-top-section elementor-element elementor-element-9ce529f elementor-section-boxed elementor-section-height-default elementor-section-height-default\" data-id=\"9ce529f\" data-element_type=\"section\" data-settings=\"{&quot;background_background&quot;:&quot;classic&quot;}\">\n\t\t\t\t\t\t<div class=\"elementor-container elementor-column-gap-default\">\n\t\t\t\t\t<div class=\"elementor-column elementor-col-50 elementor-top-column elementor-element elementor-element-199df7e\" data-id=\"199df7e\" data-element_type=\"column\" data-settings=\"{&quot;animation_tablet&quot;:&quot;none&quot;}\">\n\t\t\t<div class=\"elementor-widget-wrap elementor-element-populated\">\n\t\t\t\t\t\t<div class=\"elementor-element elementor-element-5d834ad elementor-invisible elementor-widget elementor-widget-image\" data-id=\"5d834ad\" data-element_type=\"widget\" data-settings=\"{&quot;_animation&quot;:&quot;imageGrowWithScaleLeft&quot;,&quot;_animation_delay&quot;:200,&quot;_animation_tablet&quot;:&quot;none&quot;}\" data-widget_type=\"image.default\">\n\t\t\t\t<div class=\"elementor-widget-container\">\n\t\t\t\t\t\t\t\t\t<div class=\"elementor-image\">\n\t\t\t\t\t\t\t\t\t\t\t<div class=\"vamtam-image-wrapper\">\n\t\t\t\t\t\t\t\t\t\t\t\t\t\t\t\t\t\t\t\t\t<img decoding=\"async\" width=\"1024\" height=\"712\" src=\"https:\/\/tenutepolini.com\/wp-content\/uploads\/2025\/07\/polini-eventi-1024x712.jpg\" class=\"attachment-large size-large wp-image-990767\" alt=\"\" srcset=\"https:\/\/tenutepolini.com\/wp-content\/uploads\/2025\/07\/polini-eventi-1024x712.jpg 1024w, https:\/\/tenutepolini.com\/wp-content\/uploads\/2025\/07\/polini-eventi-300x208.jpg 300w, https:\/\/tenutepolini.com\/wp-content\/uploads\/2025\/07\/polini-eventi-768x534.jpg 768w, https:\/\/tenutepolini.com\/wp-content\/uploads\/2025\/07\/polini-eventi-630x438.jpg 630w, https:\/\/tenutepolini.com\/wp-content\/uploads\/2025\/07\/polini-eventi-1260x876.jpg 1260w, https:\/\/tenutepolini.com\/wp-content\/uploads\/2025\/07\/polini-eventi-315x219.jpg 315w, https:\/\/tenutepolini.com\/wp-content\/uploads\/2025\/07\/polini-eventi.jpg 1275w\" sizes=\"(max-width: 1024px) 100vw, 1024px\" \/>\t\t\t\t\t\t\t\t\t\t\t\t\t\t\t\t\t\t\t\t\t\t\t\t\t\t<\/div>\n\t\t\t\t\t\t\t\t\t<\/div>\n\t\t\t\t\t\t\t\t<\/div>\n\t\t\t\t<\/div>\n\t\t\t\t\t<\/div>\n\t\t<\/div>\n\t\t\t\t<div class=\"elementor-column elementor-col-50 elementor-top-column elementor-element elementor-element-8665048 animated-slow elementor-invisible\" data-id=\"8665048\" data-element_type=\"column\" data-settings=\"{&quot;animation&quot;:&quot;fadeIn&quot;,&quot;animation_tablet&quot;:&quot;none&quot;}\">\n\t\t\t<div class=\"elementor-widget-wrap elementor-element-populated\">\n\t\t\t\t\t\t<div class=\"elementor-element elementor-element-c1a853b elementor-widget elementor-widget-heading\" data-id=\"c1a853b\" data-element_type=\"widget\" data-widget_type=\"heading.default\">\n\t\t\t\t<div class=\"elementor-widget-container\">\n\t\t\t\t\t<h2 class=\"elementor-heading-title elementor-size-default\">Veranstaltungen<\/h2>\t\t\t\t<\/div>\n\t\t\t\t<\/div>\n\t\t\t\t<div class=\"elementor-element elementor-element-288352d elementor-widget elementor-widget-text-editor\" data-id=\"288352d\" data-element_type=\"widget\" data-widget_type=\"text-editor.default\">\n\t\t\t\t<div class=\"elementor-widget-container\">\n\t\t\t\t\t\t\t\t\t<p>Der Verkostungsraum ist das gesellige Herzst\u00fcck von Tenute Polini. Hier dr\u00fcckt jedes Glas seine eigene Pers\u00f6nlichkeit aus, jeder Geschmack wird zur Erinnerung.<\/p>\t\t\t\t\t\t\t\t<\/div>\n\t\t\t\t<\/div>\n\t\t\t\t<div class=\"elementor-element elementor-element-9883087 elementor-align-left elementor-widget elementor-widget-button\" data-id=\"9883087\" data-element_type=\"widget\" data-widget_type=\"button.default\">\n\t\t\t\t<div class=\"elementor-widget-container\">\n\t\t\t\t\t\t\t\t\t<div class=\"elementor-button-wrapper\">\n\t\t\t\t\t<a class=\"elementor-button elementor-button-link elementor-size-sm\" href=\"https:\/\/tenutepolini.com\/de\/kontakte\/\">\n\t\t\t\t\t\t<span class=\"elementor-button-content-wrapper\">\n\t\t\t\t\t\t<span class=\"elementor-button-icon\">\n\t\t\t\t<i aria-hidden=\"true\" class=\"fas fa-arrow-right\"><\/i>\t\t\t<\/span>\n\t\t\t\t\t\t\t\t\t<span class=\"elementor-button-text\">Kontaktieren Sie uns<\/span>\n\t\t\t\t\t<\/span>\n\t\t\t\t\t<\/a>\n\t\t\t\t<\/div>\n\t\t\t\t\t\t\t\t<\/div>\n\t\t\t\t<\/div>\n\t\t\t\t\t<\/div>\n\t\t<\/div>\n\t\t\t\t\t<\/div>\n\t\t<\/section>\n\t\t\t\t<\/div>\n\t\t","protected":false},"excerpt":{"rendered":"<p>Besuchen Sie das Anwesen Buchen Sie Ihren Besuch und lassen Sie sich von der Geschichte, den Aromen und den Geschmacksrichtungen von Tenute Polini verzaubern. Eine Reise, die im Weinberg beginnt und mit einem Glas Wein endet. Verkostungen Von der Magie eines Abendessens in den Reihen bis zum Charme einer gef\u00fchrten Verkostung feiern unsere Veranstaltungen die&#8230;<\/p>\n","protected":false},"author":1,"featured_media":0,"parent":0,"menu_order":0,"comment_status":"closed","ping_status":"closed","template":"","meta":{"footnotes":""},"class_list":["post-990835","page","type-page","status-publish","hentry"],"_links":{"self":[{"href":"https:\/\/tenutepolini.com\/de\/wp-json\/wp\/v2\/pages\/990835","targetHints":{"allow":["GET"]}}],"collection":[{"href":"https:\/\/tenutepolini.com\/de\/wp-json\/wp\/v2\/pages"}],"about":[{"href":"https:\/\/tenutepolini.com\/de\/wp-json\/wp\/v2\/types\/page"}],"author":[{"embeddable":true,"href":"https:\/\/tenutepolini.com\/de\/wp-json\/wp\/v2\/users\/1"}],"replies":[{"embeddable":true,"href":"https:\/\/tenutepolini.com\/de\/wp-json\/wp\/v2\/comments?post=990835"}],"version-history":[{"count":1,"href":"https:\/\/tenutepolini.com\/de\/wp-json\/wp\/v2\/pages\/990835\/revisions"}],"predecessor-version":[{"id":990836,"href":"https:\/\/tenutepolini.com\/de\/wp-json\/wp\/v2\/pages\/990835\/revisions\/990836"}],"wp:attachment":[{"href":"https:\/\/tenutepolini.com\/de\/wp-json\/wp\/v2\/media?parent=990835"}],"curies":[{"name":"wp","href":"https:\/\/api.w.org\/{rel}","templated":true}]}}