{"id":990436,"date":"2020-08-11T14:16:21","date_gmt":"2020-08-11T12:16:21","guid":{"rendered":"http:\/\/tenutepolini.com\/prodotto\/rosso-piceno-doc-rescagnano-2022\/"},"modified":"2025-05-22T12:30:42","modified_gmt":"2025-05-22T10:30:42","slug":"rosso-piceno-doc-rescagnano-2022","status":"publish","type":"product","link":"http:\/\/tenutepolini.com\/de\/prodotto\/rosso-piceno-doc-rescagnano-2022\/","title":{"rendered":"Rosso Piceno DOC &#8211; Rescagnano 2022"},"content":{"rendered":"\t\t<div data-elementor-type=\"product-post\" data-elementor-id=\"990436\" class=\"elementor elementor-990436 elementor-6591\" data-elementor-post-type=\"product\">\n\t\t\t\t\t\t<section class=\"elementor-section elementor-top-section elementor-element elementor-element-a1bbab8 elementor-section-boxed elementor-section-height-default elementor-section-height-default\" data-id=\"a1bbab8\" data-element_type=\"section\">\n\t\t\t\t\t\t<div class=\"elementor-container elementor-column-gap-default\">\n\t\t\t\t\t<div class=\"elementor-column elementor-col-100 elementor-top-column elementor-element elementor-element-768461d\" data-id=\"768461d\" data-element_type=\"column\">\n\t\t\t<div class=\"elementor-widget-wrap elementor-element-populated\">\n\t\t\t\t\t\t<div class=\"elementor-element elementor-element-bc21abe elementor-widget elementor-widget-heading\" data-id=\"bc21abe\" data-element_type=\"widget\" data-widget_type=\"heading.default\">\n\t\t\t\t<div class=\"elementor-widget-container\">\n\t\t\t\t\t<h5 class=\"elementor-heading-title elementor-size-default\">Technische Eigenschaften<\/h5>\t\t\t\t<\/div>\n\t\t\t\t<\/div>\n\t\t\t\t<div class=\"elementor-element elementor-element-c34c874 elementor-widget elementor-widget-text-editor\" data-id=\"c34c874\" data-element_type=\"widget\" data-widget_type=\"text-editor.default\">\n\t\t\t\t<div class=\"elementor-widget-container\">\n\t\t\t\t\t\t\t\t\t<p><strong>Trauben<\/strong>: Montepulciano, Sangiovese<br><strong>Alkoholgehalt<\/strong>: 12,5 %<br><strong>Veredelung<\/strong>: Stahl<br><strong>Verkostungstipp<\/strong>: Servieren Sie ihn bei 16\u201318 \u00b0C, um seine fruchtigen und w\u00fcrzigen Aromen zu verst\u00e4rken.<br><strong>Gute Kombinationen<\/strong>: Ideal zu ersten G\u00e4ngen mit Rag\u00f9, gebratenem wei\u00dfem Fleisch oder Gourmet-Pizza.<\/p>\t\t\t\t\t\t\t\t<\/div>\n\t\t\t\t<\/div>\n\t\t\t\t<section class=\"elementor-section elementor-inner-section elementor-element elementor-element-18a75e8 elementor-section-boxed elementor-section-height-default elementor-section-height-default\" data-id=\"18a75e8\" data-element_type=\"section\">\n\t\t\t\t\t\t<div class=\"elementor-container elementor-column-gap-default\">\n\t\t\t\t\t<div class=\"elementor-column elementor-col-100 elementor-inner-column elementor-element elementor-element-03d1dc2\" data-id=\"03d1dc2\" data-element_type=\"column\">\n\t\t\t<div class=\"elementor-widget-wrap elementor-element-populated\">\n\t\t\t\t\t\t<div class=\"elementor-element elementor-element-b6e7dce elementor-widget__width-initial elementor-widget-mobile__width-initial elementor-fixed elementor-hidden-tablet elementor-hidden-phone elementor-widget elementor-widget-image\" data-id=\"b6e7dce\" data-element_type=\"widget\" data-settings=\"{&quot;_position&quot;:&quot;fixed&quot;}\" data-widget_type=\"image.default\">\n\t\t\t\t<div class=\"elementor-widget-container\">\n\t\t\t\t\t\t\t\t\t<div class=\"elementor-image\">\n\t\t\t\t\t\t\t\t\t\t\t\t\t\t\t\t\t\t\t\t\t<img fetchpriority=\"high\" decoding=\"async\" width=\"308\" height=\"444\" src=\"http:\/\/tenutepolini.com\/wp-content\/uploads\/2020\/08\/grapes-transparent-2-v2.png\" class=\"attachment-large size-large wp-image-989208\" alt=\"\" \/>\t\t\t\t\t\t\t\t\t\t\t\t\t\t\t\t\t\t\t\t\t\t\t\t<\/div>\n\t\t\t\t\t\t\t\t<\/div>\n\t\t\t\t<\/div>\n\t\t\t\t\t<\/div>\n\t\t<\/div>\n\t\t\t\t\t<\/div>\n\t\t<\/section>\n\t\t\t\t\t<\/div>\n\t\t<\/div>\n\t\t\t\t\t<\/div>\n\t\t<\/section>\n\t\t\t\t<\/div>\n\t\t","protected":false},"excerpt":{"rendered":"<p>Scagnano Re ist ein Rosso Piceno DOC, der die Weinbautradition der Region Marken zelebriert. Dieser Wein ist eine Mischung aus Montepulciano und Sangiovese und bietet ein aromatisches Profil, das reich an reifen roten Fr\u00fcchten, s\u00fc\u00dfen Gew\u00fcrzen und einem Hauch Lakritz ist. Frisch und ausgewogen ist er der ideale Begleiter f\u00fcr Abendessen mit Freunden.  <\/p>\n","protected":false},"featured_media":990256,"template":"","meta":[],"product_brand":[],"product_cat":[135],"product_tag":[137,136],"class_list":{"0":"post-990436","1":"product","2":"type-product","3":"status-publish","4":"has-post-thumbnail","6":"product_cat-rosso-piceno-doc-de","7":"product_tag-rosso-piceno-doc-de","8":"product_tag-rot","10":"first","11":"instock","12":"taxable","13":"shipping-taxable","14":"purchasable","15":"product-type-simple"},"_links":{"self":[{"href":"http:\/\/tenutepolini.com\/de\/wp-json\/wp\/v2\/product\/990436","targetHints":{"allow":["GET"]}}],"collection":[{"href":"http:\/\/tenutepolini.com\/de\/wp-json\/wp\/v2\/product"}],"about":[{"href":"http:\/\/tenutepolini.com\/de\/wp-json\/wp\/v2\/types\/product"}],"version-history":[{"count":1,"href":"http:\/\/tenutepolini.com\/de\/wp-json\/wp\/v2\/product\/990436\/revisions"}],"predecessor-version":[{"id":990437,"href":"http:\/\/tenutepolini.com\/de\/wp-json\/wp\/v2\/product\/990436\/revisions\/990437"}],"wp:featuredmedia":[{"embeddable":true,"href":"http:\/\/tenutepolini.com\/de\/wp-json\/wp\/v2\/media\/990256"}],"wp:attachment":[{"href":"http:\/\/tenutepolini.com\/de\/wp-json\/wp\/v2\/media?parent=990436"}],"wp:term":[{"taxonomy":"product_brand","embeddable":true,"href":"http:\/\/tenutepolini.com\/de\/wp-json\/wp\/v2\/product_brand?post=990436"},{"taxonomy":"product_cat","embeddable":true,"href":"http:\/\/tenutepolini.com\/de\/wp-json\/wp\/v2\/product_cat?post=990436"},{"taxonomy":"product_tag","embeddable":true,"href":"http:\/\/tenutepolini.com\/de\/wp-json\/wp\/v2\/product_tag?post=990436"}],"curies":[{"name":"wp","href":"https:\/\/api.w.org\/{rel}","templated":true}]}}