{"id":990430,"date":"2020-07-28T12:27:11","date_gmt":"2020-07-28T10:27:11","guid":{"rendered":"http:\/\/tenutepolini.com\/prodotto\/brut-schaumwein-passerina-tecebe-2021\/"},"modified":"2025-05-22T12:20:39","modified_gmt":"2025-05-22T10:20:39","slug":"brut-schaumwein-passerina-tecebe-2021","status":"publish","type":"product","link":"http:\/\/tenutepolini.com\/de\/prodotto\/brut-schaumwein-passerina-tecebe-2021\/","title":{"rendered":"Brut-Schaumwein Passerina &#8211; Tecebe 2021"},"content":{"rendered":"\t\t<div data-elementor-type=\"product-post\" data-elementor-id=\"990430\" class=\"elementor elementor-990430 elementor-5908\" data-elementor-post-type=\"product\">\n\t\t\t\t\t\t<section class=\"elementor-section elementor-top-section elementor-element elementor-element-6dc8eb4 elementor-section-boxed elementor-section-height-default elementor-section-height-default\" data-id=\"6dc8eb4\" data-element_type=\"section\">\n\t\t\t\t\t\t<div class=\"elementor-container elementor-column-gap-default\">\n\t\t\t\t\t<div class=\"elementor-column elementor-col-100 elementor-top-column elementor-element elementor-element-eaadf9f\" data-id=\"eaadf9f\" data-element_type=\"column\">\n\t\t\t<div class=\"elementor-widget-wrap elementor-element-populated\">\n\t\t\t\t\t\t<div class=\"elementor-element elementor-element-da5e56b elementor-widget elementor-widget-heading\" data-id=\"da5e56b\" data-element_type=\"widget\" data-widget_type=\"heading.default\">\n\t\t\t\t<div class=\"elementor-widget-container\">\n\t\t\t\t\t<h5 class=\"elementor-heading-title elementor-size-default\">Technische Eigenschaften<\/h5>\t\t\t\t<\/div>\n\t\t\t\t<\/div>\n\t\t\t\t<div class=\"elementor-element elementor-element-bc83d91 elementor-widget elementor-widget-text-editor\" data-id=\"bc83d91\" data-element_type=\"widget\" data-widget_type=\"text-editor.default\">\n\t\t\t\t<div class=\"elementor-widget-container\">\n\t\t\t\t\t\t\t\t\t<p><strong>Rebsorte<\/strong>: Passerina 100%<br><strong>Alkoholgehalt<\/strong>: 11,5 %<br><strong>Schaumwein-Herstellungsmethode<\/strong>: Charmat<br><strong>Verkostungstipps<\/strong>: Bei 6\u20138 \u00b0C servieren, um die frischen und blumigen Noten hervorzuheben.<br><strong>Gute Kombinationsm\u00f6glichkeiten<\/strong>: Passt zu Meeresfr\u00fcchte-Vorspeisen, Sommersalaten und Sushi.<\/p>\t\t\t\t\t\t\t\t<\/div>\n\t\t\t\t<\/div>\n\t\t\t\t<section class=\"elementor-section elementor-inner-section elementor-element elementor-element-564f135 elementor-section-boxed elementor-section-height-default elementor-section-height-default\" data-id=\"564f135\" data-element_type=\"section\">\n\t\t\t\t\t\t<div class=\"elementor-container elementor-column-gap-default\">\n\t\t\t\t\t<div class=\"elementor-column elementor-col-100 elementor-inner-column elementor-element elementor-element-3d1a306\" data-id=\"3d1a306\" data-element_type=\"column\">\n\t\t\t<div class=\"elementor-widget-wrap elementor-element-populated\">\n\t\t\t\t\t\t<div class=\"elementor-element elementor-element-cab4634 elementor-widget__width-initial elementor-widget-mobile__width-initial elementor-fixed elementor-hidden-tablet elementor-hidden-phone elementor-widget elementor-widget-image\" data-id=\"cab4634\" data-element_type=\"widget\" data-settings=\"{&quot;_position&quot;:&quot;fixed&quot;}\" data-widget_type=\"image.default\">\n\t\t\t\t<div class=\"elementor-widget-container\">\n\t\t\t\t\t\t\t\t\t<div class=\"elementor-image\">\n\t\t\t\t\t\t\t\t\t\t\t\t\t\t\t\t\t\t\t\t\t<img fetchpriority=\"high\" decoding=\"async\" width=\"396\" height=\"527\" src=\"http:\/\/tenutepolini.com\/wp-content\/uploads\/2020\/07\/purple-grapes-png-3.png\" class=\"attachment-large size-large wp-image-990288\" alt=\"\" srcset=\"http:\/\/tenutepolini.com\/wp-content\/uploads\/2020\/07\/purple-grapes-png-3.png 396w, http:\/\/tenutepolini.com\/wp-content\/uploads\/2020\/07\/purple-grapes-png-3-225x300.png 225w, http:\/\/tenutepolini.com\/wp-content\/uploads\/2020\/07\/purple-grapes-png-3-315x419.png 315w\" sizes=\"(max-width: 396px) 100vw, 396px\" \/>\t\t\t\t\t\t\t\t\t\t\t\t\t\t\t\t\t\t\t\t\t\t\t\t<\/div>\n\t\t\t\t\t\t\t\t<\/div>\n\t\t\t\t<\/div>\n\t\t\t\t\t<\/div>\n\t\t<\/div>\n\t\t\t\t\t<\/div>\n\t\t<\/section>\n\t\t\t\t\t<\/div>\n\t\t<\/div>\n\t\t\t\t\t<\/div>\n\t\t<\/section>\n\t\t\t\t<\/div>\n\t\t","protected":false},"excerpt":{"rendered":"<p>Tecebe ist ein Schaumwein, der die Frische der Passerina-Traube zelebriert. Mit einer feinen Perlage und einem Bouquet, das an wei\u00dfe Bl\u00fcten und Zitrusfr\u00fcchte erinnert, besticht dieser Wein durch seine Vielseitigkeit und Leichtigkeit. Perfekt f\u00fcr gesellige Momente oder als Beilage zu leichten Gerichten.  <\/p>\n","protected":false},"featured_media":990569,"template":"","meta":[],"product_brand":[],"product_cat":[125],"product_tag":[130,127,129,126],"class_list":{"0":"post-990430","1":"product","2":"type-product","3":"status-publish","4":"has-post-thumbnail","6":"product_cat-brut-schaumwein","7":"product_tag-brut-de","8":"product_tag-brut-schaumwein","9":"product_tag-passerina-de","10":"product_tag-schaumwein","12":"first","13":"instock","14":"taxable","15":"shipping-taxable","16":"purchasable","17":"product-type-simple"},"_links":{"self":[{"href":"http:\/\/tenutepolini.com\/de\/wp-json\/wp\/v2\/product\/990430","targetHints":{"allow":["GET"]}}],"collection":[{"href":"http:\/\/tenutepolini.com\/de\/wp-json\/wp\/v2\/product"}],"about":[{"href":"http:\/\/tenutepolini.com\/de\/wp-json\/wp\/v2\/types\/product"}],"version-history":[{"count":1,"href":"http:\/\/tenutepolini.com\/de\/wp-json\/wp\/v2\/product\/990430\/revisions"}],"predecessor-version":[{"id":990431,"href":"http:\/\/tenutepolini.com\/de\/wp-json\/wp\/v2\/product\/990430\/revisions\/990431"}],"wp:featuredmedia":[{"embeddable":true,"href":"http:\/\/tenutepolini.com\/de\/wp-json\/wp\/v2\/media\/990569"}],"wp:attachment":[{"href":"http:\/\/tenutepolini.com\/de\/wp-json\/wp\/v2\/media?parent=990430"}],"wp:term":[{"taxonomy":"product_brand","embeddable":true,"href":"http:\/\/tenutepolini.com\/de\/wp-json\/wp\/v2\/product_brand?post=990430"},{"taxonomy":"product_cat","embeddable":true,"href":"http:\/\/tenutepolini.com\/de\/wp-json\/wp\/v2\/product_cat?post=990430"},{"taxonomy":"product_tag","embeddable":true,"href":"http:\/\/tenutepolini.com\/de\/wp-json\/wp\/v2\/product_tag?post=990430"}],"curies":[{"name":"wp","href":"https:\/\/api.w.org\/{rel}","templated":true}]}}